{"id":220,"date":"2024-09-22T01:53:06","date_gmt":"2024-09-22T01:53:06","guid":{"rendered":"https:\/\/intermedi.net.pe\/es\/?page_id=220"},"modified":"2024-09-22T01:57:02","modified_gmt":"2024-09-22T01:57:02","slug":"la-ciudad-de-pucallpa","status":"publish","type":"page","link":"https:\/\/intermedi.net.pe\/es\/la-ciudad-de-pucallpa\/","title":{"rendered":"La ciudad de Pucallpa"},"content":{"rendered":"<p>Datos b\u00e1sicos<br \/>\nPucallpa es una ciudad ubicada en el r\u00edo Ucayali en la selva del Amazonas de la zona este de Per\u00fa. Su plaza moderna, la Plaza de Armas, tiene un obelisco, fuentes adornadas y esculturas. Tambi\u00e9n alberga la Catedral de Pucallpa, de estilo neocl\u00e1sico, que se distingue por su alto campanario y sus vitrales. Una torre del reloj decorada con im\u00e1genes de criaturas m\u00edticas se alza sobre los jardines de la ribera en la Plaza del Reloj cercana.<\/p>\n<p><iframe loading=\"lazy\" style=\"border: 0;\" src=\"https:\/\/www.google.com\/maps\/embed?pb=!1m18!1m12!1m3!1d252613.88092281763!2d-74.76548148796567!3d-8.392622872418892!2m3!1f0!2f0!3f0!3m2!1i1024!2i768!4f13.1!3m3!1m2!1s0x91a3bcf3f2eb4461%3A0x49006298b594df43!2sPucallpa!5e0!3m2!1ses-419!2spe!4v1726969870916!5m2!1ses-419!2spe\" width=\"600\" height=\"450\" allowfullscreen=\"allowfullscreen\"><\/iframe><\/p>\n<p>\u00bfQu\u00e9 parte de la selva es Pucallpa?<br \/>\nLa ciudad de Pucallpa se ubica en el departamento de Ucayali, centro-este de Per\u00fa, a orillas del r\u00edo Ucayali. Se encuentra situado en plena selva amaz\u00f3nica a 154 m s. n. m. En la ciudad abundan los \u00e1rboles, especialmente en zonas poco desarrolladas.<\/p>\n<p>\u00bfQu\u00e9 fecha es buena para viajar a Pucallpa?<br \/>\nPara Pucallpa, la temporada seca de mayo a octubre es ideal. Durante estos meses, las lluvias son menos frecuentes, y las condiciones son \u00f3ptimas para excursiones en la selva de Per\u00fa, visitas a comunidades nativas y recorridos en bote por el r\u00edo Ucayali.<\/p>\n<p>\u00bfC\u00f3mo se le conoce a la ciudad de Pucallpa?<br \/>\nLa bella ciudad de Pucallpa, cuyo nombre significa \u201cTierra Colorada\u201d se encuentra ubicada en el distrito de Caller\u00eda, en la provincia de Coronel Portillo, dentro del departamento de Ucayali y es capital tanto distrital, como provincial y regional.<\/p>\n<p>\u00bfCu\u00e1nto demora de Lima a Pucallpa?<br \/>\nLa distancia de Lima a Pucallpa es de 758 km. viajando por carretera en un tiempo aprox. de 16- 20 horas (algo largo el tramo, pero tiene sus ventajas).<\/p>\n","protected":false},"excerpt":{"rendered":"<p>Datos b\u00e1sicos Pucallpa es una ciudad ubicada en el r\u00edo Ucayali en la selva del Amazonas de la zona este de Per\u00fa. Su plaza moderna, la Plaza de Armas, tiene un obelisco, fuentes adornadas y esculturas. Tambi\u00e9n alberga la Catedral de Pucallpa, de estilo neocl\u00e1sico, que se distingue por su alto campanario y sus vitrales. [&hellip;]<\/p>\n","protected":false},"author":1,"featured_media":0,"parent":0,"menu_order":0,"comment_status":"closed","ping_status":"closed","template":"","meta":{"footnotes":""},"class_list":["post-220","page","type-page","status-publish","hentry"],"_links":{"self":[{"href":"https:\/\/intermedi.net.pe\/es\/wp-json\/wp\/v2\/pages\/220","targetHints":{"allow":["GET"]}}],"collection":[{"href":"https:\/\/intermedi.net.pe\/es\/wp-json\/wp\/v2\/pages"}],"about":[{"href":"https:\/\/intermedi.net.pe\/es\/wp-json\/wp\/v2\/types\/page"}],"author":[{"embeddable":true,"href":"https:\/\/intermedi.net.pe\/es\/wp-json\/wp\/v2\/users\/1"}],"replies":[{"embeddable":true,"href":"https:\/\/intermedi.net.pe\/es\/wp-json\/wp\/v2\/comments?post=220"}],"version-history":[{"count":3,"href":"https:\/\/intermedi.net.pe\/es\/wp-json\/wp\/v2\/pages\/220\/revisions"}],"predecessor-version":[{"id":224,"href":"https:\/\/intermedi.net.pe\/es\/wp-json\/wp\/v2\/pages\/220\/revisions\/224"}],"wp:attachment":[{"href":"https:\/\/intermedi.net.pe\/es\/wp-json\/wp\/v2\/media?parent=220"}],"curies":[{"name":"wp","href":"https:\/\/api.w.org\/{rel}","templated":true}]}}